{"id":62,"date":"2018-12-17T08:26:53","date_gmt":"2018-12-17T08:26:53","guid":{"rendered":"https:\/\/www.setupdubaibusiness.com\/it\/?page_id=62"},"modified":"2019-01-05T17:05:54","modified_gmt":"2019-01-05T17:05:54","slug":"local-sponsor-in-dubai","status":"publish","type":"page","link":"https:\/\/www.setupdubaibusiness.com\/it\/services\/local-sponsor-in-dubai\/","title":{"rendered":"Lo sponsor locale a Dubai"},"content":{"rendered":"<h2>Lo sponsor locale a Dubai<\/h2>\n<p>Lo &#8220;sponsor locale&#8221; \u00e8 un termine generico  utilizzato  negli Emirati Arabi Uniti per riferirsi agli agenti di servizi locali e agli azionisti nominati (soci inattivi) nelle societ\u00e0 Mainland  con investimenti esteri. Uno sponsor deve essere un cittadino degli Emirati  Arabi Uniti con una tessera familiare (Gincia). La gestione di affari in territorio Mainland a Dubai  richiede obbligatoriamente la nomina di uno sponsor locale.<\/p>\n<h3>Socio nominato (socio inattivo) nelle Societ\u00e0 a responsabilit\u00e0  limitata<\/h3>\n<p>Come previsto dal diritto societario e dal diritto civile degli Emirati Arabi Uniti, per avviare una societ\u00e0 a responsabilit\u00e0 limitata in territorio Mainland, ovvero una societ\u00e0 non offshore in una zona non franca, \u00e8 necessario che il capitale locale sia almeno del 51%. Nonostante il capitale estero in tale societ\u00e0 non superi il 49%, le parti interessate possono concordare reciprocamente la distribuzione degli utili derivanti da esso. Poteri operativi completi possono anche essere concessi al o ai partner stranieri o a terzi, nell&#8217;atto costitutivo della societ\u00e0. Solo i cittadini degli Emirati Arabi Uniti o le societ\u00e0 di propriet\u00e0 di cittadini degli Emirati Arabi Uniti possono essere nominati come soci designati e percepire una somma forfettaria all&#8217;anno per questa funzione.<\/p>\n<h3>Agente di servizi locale<\/h3>\n<p>Le filiali di societ\u00e0 straniere e societ\u00e0 civili (con unico proprietario) con investimenti esteri devono necessariamente nominare un agente di servizi locale per essere in regola con le leggi. Tali agenti non godono di alcuna partecipazione nell&#8217;impresa, inoltre non sono generalmente coinvolti nelle operazioni della societ\u00e0 e vengono pagati ricevendo una somma forfettaria all&#8217;anno &#8211; vedi qual \u00e8 la normale quota di sponsorizzazione.<\/p>\n<h3>La normale prassi di mercato<\/h3>\n<p>Gli sponsor locali normalmente non interferiscono in nessuna delle attivit\u00e0 della societ\u00e0 . Sebbene i poteri operativi siano conferiti all&#8217;amministratore delegato\/gestore;  gli sponsor locali detengono ancora il potere di sottoscrivere gli affari riguardanti l&#8217;immigrazione e il lavoro della societ\u00e0 . Considerato che normalmente non c&#8217;\u00e8  un limite al numero di aziende che possono essere sponsorizzate dalla stessa persona;  alcuni cittadini degli EAU sono sponsor di centinaia di aziende.<\/p>\n<h3>Sponsorizzazioni aziendali (Corporate Nominee Sponsorship)<\/h3>\n<p>La sponsorizzazione aziendale pu\u00f2 essere utilizzata da tutte le societ\u00e0 a responsabilit\u00e0 limitata negli Emirati Arabi. Lo sponsor in questo caso \u00e8 un&#8217;entit\u00e0 aziendale anzich\u00e9 un individuo.<\/p>\n<p>Ci sono importanti vantaggi nel caso in cui il partner locale sia un ente e non un individuo, in quanto esiste una differenza di relazione personale basata sulla sponsorizzazione tradizionale, rispetto al nuovo sistema basato sull&#8217;accordo alla base di un&#8217;azienda. L&#8217;ente che funge da intestatario \u00e8 costituito da un consiglio di amministrazione e detiene la procura per agire per conto della societ\u00e0.<br \/>\nPertanto, dal punto di vista del governo d&#8217;impresa, per questioni di trasparenza e altri fattori, ci\u00f2 comporta diversi benefici per la parte straniera, uno dei pi\u00f9 importanti \u00e8 la pianificazione della successione. Le aziende, mentre entrano nel mercato, spesso si preoccupano della responsabilit\u00e0 di un partner locale &#8211; per quanto riguarda le ramificazioni, del partner locale che cambia idea. Con un&#8217;ente  aziendale, i termini contrattuali continuano a sussistere, conferendo cos\u00ec maggiore solidit\u00e0 all&#8217;accordo, rispetto al fatto di avere un cittadino singolo come partner locale. Un accordo deve essere onorato.<\/p>\n<p><strong>Nota bene:<\/strong> Le sponsorizzazioni aziendali sono possibili solo con un numero limitato di aziende locali &#8211; e non sono consentite con aziende straniere o unioni registrate.<\/p>\n<p>Non esitare a metterti in contatto con noi per saperne di pi\u00f9 riguardo alle consulenze professionali che offriamo. Chiamaci al +971 55 3788 000 o inviaci una mail all&#8217;indirizzo  <a href=\"mailto:info@setupdubaibusiness.com\">info@setupdubaibusiness.com<\/a>. Il nostro staff sar\u00e0 lieto di assistervi.<\/p>\n","protected":false},"excerpt":{"rendered":"<p>Lo sponsor locale a Dubai Lo &#8220;sponsor locale&#8221; \u00e8 un termine generico utilizzato negli Emirati Arabi Uniti per riferirsi agli agenti di servizi locali e agli azionisti nominati (soci inattivi) nelle societ\u00e0 Mainland con investimenti esteri. Uno sponsor deve essere un cittadino degli Emirati Arabi Uniti con una tessera familiare (Gincia). La gestione di affari<\/p>\n","protected":false},"author":1,"featured_media":0,"parent":54,"menu_order":4,"comment_status":"closed","ping_status":"closed","template":"","meta":{"_acf_changed":false,"inline_featured_image":false,"footnotes":""},"acf":[],"_links":{"self":[{"href":"https:\/\/www.setupdubaibusiness.com\/it\/wp-json\/wp\/v2\/pages\/62"}],"collection":[{"href":"https:\/\/www.setupdubaibusiness.com\/it\/wp-json\/wp\/v2\/pages"}],"about":[{"href":"https:\/\/www.setupdubaibusiness.com\/it\/wp-json\/wp\/v2\/types\/page"}],"author":[{"embeddable":true,"href":"https:\/\/www.setupdubaibusiness.com\/it\/wp-json\/wp\/v2\/users\/1"}],"replies":[{"embeddable":true,"href":"https:\/\/www.setupdubaibusiness.com\/it\/wp-json\/wp\/v2\/comments?post=62"}],"version-history":[{"count":7,"href":"https:\/\/www.setupdubaibusiness.com\/it\/wp-json\/wp\/v2\/pages\/62\/revisions"}],"predecessor-version":[{"id":468,"href":"https:\/\/www.setupdubaibusiness.com\/it\/wp-json\/wp\/v2\/pages\/62\/revisions\/468"}],"up":[{"embeddable":true,"href":"https:\/\/www.setupdubaibusiness.com\/it\/wp-json\/wp\/v2\/pages\/54"}],"wp:attachment":[{"href":"https:\/\/www.setupdubaibusiness.com\/it\/wp-json\/wp\/v2\/media?parent=62"}],"curies":[{"name":"wp","href":"https:\/\/api.w.org\/{rel}","templated":true}]}}