{"id":56,"date":"2018-12-17T08:24:58","date_gmt":"2018-12-17T08:24:58","guid":{"rendered":"https:\/\/www.setupdubaibusiness.com\/it\/?page_id=56"},"modified":"2019-01-05T17:00:52","modified_gmt":"2019-01-05T17:00:52","slug":"dubai-pro-services","status":"publish","type":"page","link":"https:\/\/www.setupdubaibusiness.com\/it\/services\/dubai-pro-services\/","title":{"rendered":"Consulenze professionali per le aziende a Dubai"},"content":{"rendered":"<h2>Consulenze professionali per le aziende a Dubai<\/h2>\n<p>I titolari di aziende hanno bisogno di tutto il supporto possibile in modo da poter gestire agevolmente e senza intoppi i loro affari nella giurisdizione di loro scelta. Con EBS, gli aspiranti imprenditori possono avventurarsi oltre e portare le loro operazioni commerciali su nuovi livelli.<\/p>\n<p>Siamo una societ\u00e0  di consulenza aziendale a 360 gradi che offre una gamma completa di consulenze professionali a Dubai, per aiutare gli investitori e gli imprenditori nelle loro attivit\u00e0  burocratiche. Il nostro obiettivo \u00e8  quello di aiutare i nostri clienti a muoversi nella scena del business, superare gli ostacoli in modo da potersi concentrare su ci\u00f2 che conta di pi\u00f9  &#8211; la crescita della loro attivit\u00e0 .<\/p>\n<h3>Soluzioni per i Visti e Servizi  per le aziende che investono a Dubai<\/h3>\n<p>Riteniamo che le complessit\u00e0  burocratiche non debbano costituire un ostacolo per gli imprenditori che intendono gestire la propria attivit\u00e0  a Dubai. Il nostro ampio spettro di soluzioni per i visti e i servizi di consulenza possono soddisfare qualsiasi esigenza amministrativa dei nostri clienti. Ci\u00f2  include i servizi di collegamento e il coordinamento con diverse agenzie governative per l&#8217;elaborazione e l&#8217;approvazione dei documenti, comprese le domande di visto e l&#8217;elaborazione e la gestione delle licenze commerciali.<\/p>\n<p>I nostri servizi a 360 gradi sono flessibili e possono adattarsi alle esigenze specifiche dei nostri clienti e delle loro attivit\u00e0 . Siamo in grado di fornire supporto a societ\u00e0  di tutte le dimensioni, in particolare semplificando le loro operazioni commerciali.<\/p>\n<p>Il complesso delle nostre soluzioni per i Visti  e consulenze professionali include:<\/p>\n<ul class=\"list-group list-group-flush hstyears\">\n<li>Un consulente dedicato<\/li>\n<li>La domanda per l&#8217;ottenimento della licenza commerciale<\/li>\n<li>La richiesta e il rilascio dei visti<\/li>\n<li>Promemoria per gli aggiornamenti<\/li>\n<li>Documentazione e autenticazione notarile<\/li>\n<\/ul>\n<h3>Ottieni l&#8217;assistenza di cui ha bisogno il tuo business<\/h3>\n<p>Non esitare a metterti in contatto con noi per saperne di pi\u00f9  riguardo alle consulenze professionali che offriamo. Chiamaci al <a href=\"callto:+971 55 3788 000\">+971 55 3788 000<\/a> o scrivici una email all&#8217;indirizzo  <a href=\"mailto:info@setupdubaibusiness.com\">info@setupdubaibusiness.com<\/a>. Il nostro staff sar\u00e0  lieto di assistervi.<\/p>\n","protected":false},"excerpt":{"rendered":"<p>Consulenze professionali per le aziende a Dubai I titolari di aziende hanno bisogno di tutto il supporto possibile in modo da poter gestire agevolmente e senza intoppi i loro affari nella giurisdizione di loro scelta. Con EBS, gli aspiranti imprenditori possono avventurarsi oltre e portare le loro operazioni commerciali su nuovi livelli. Siamo una societ\u00e0<\/p>\n","protected":false},"author":1,"featured_media":0,"parent":54,"menu_order":1,"comment_status":"closed","ping_status":"closed","template":"","meta":{"_acf_changed":false,"inline_featured_image":false,"footnotes":""},"acf":[],"_links":{"self":[{"href":"https:\/\/www.setupdubaibusiness.com\/it\/wp-json\/wp\/v2\/pages\/56"}],"collection":[{"href":"https:\/\/www.setupdubaibusiness.com\/it\/wp-json\/wp\/v2\/pages"}],"about":[{"href":"https:\/\/www.setupdubaibusiness.com\/it\/wp-json\/wp\/v2\/types\/page"}],"author":[{"embeddable":true,"href":"https:\/\/www.setupdubaibusiness.com\/it\/wp-json\/wp\/v2\/users\/1"}],"replies":[{"embeddable":true,"href":"https:\/\/www.setupdubaibusiness.com\/it\/wp-json\/wp\/v2\/comments?post=56"}],"version-history":[{"count":10,"href":"https:\/\/www.setupdubaibusiness.com\/it\/wp-json\/wp\/v2\/pages\/56\/revisions"}],"predecessor-version":[{"id":466,"href":"https:\/\/www.setupdubaibusiness.com\/it\/wp-json\/wp\/v2\/pages\/56\/revisions\/466"}],"up":[{"embeddable":true,"href":"https:\/\/www.setupdubaibusiness.com\/it\/wp-json\/wp\/v2\/pages\/54"}],"wp:attachment":[{"href":"https:\/\/www.setupdubaibusiness.com\/it\/wp-json\/wp\/v2\/media?parent=56"}],"curies":[{"name":"wp","href":"https:\/\/api.w.org\/{rel}","templated":true}]}}