{"id":44,"date":"2018-12-17T08:22:02","date_gmt":"2018-12-17T08:22:02","guid":{"rendered":"https:\/\/www.setupdubaibusiness.com\/it\/?page_id=44"},"modified":"2019-01-05T16:38:51","modified_gmt":"2019-01-05T16:38:51","slug":"dubai-knowledge-village","status":"publish","type":"page","link":"https:\/\/www.setupdubaibusiness.com\/it\/free-zone-company\/dubai-knowledge-village\/","title":{"rendered":"Perch\u00e9  avviare un&#8217;impresa in una zona franca  di Dubai?"},"content":{"rendered":"<p>Le zone franche  di Dubai sono estremamente popolari tra gli imprenditori e i proprietari di aziende per la possibilit\u00e0  di costituire nuove societ\u00e0 , grazie alla reputazione di Dubai e delle sue zone franche  defiscalizzate con porti di libero scambio che possono essere di propriet\u00e0  esclusiva della persona che li ha creati (a prescindere dalla nazionalit\u00e0 ). Inoltre, la costituzione di societ\u00e0  in una zona franca  a Dubai non ha una restrizione che impone la presenza di uno sponsor locale che funge da punto di collegamento,  per l&#8217;aumento degli investimenti esteri. Il processo di registrazione delle societ\u00e0  della zona di libero scambio di Dubai \u00e8  abbastanza semplice e richiede solo che gli accordi sul capitale azionario siano effettuati prima di richiedere una licenza.<\/p>\n<p>La libert\u00e0  di fare affari, l&#8217;enorme risparmio fiscale e politiche governative favorevoli portano a  investitori e uomini d&#8217;affari a creare le loro operazioni nelle zone franche di Dubai. EBS ha l&#8217;esperienza e le risorse necessarie per aiutarti a realizzare i sogni della tua azienda, senza doverti preoccupare della burocrazia, domande di visto, documentazione e formalit\u00e0  per la licenza commerciale, permessi di soggiorno, dettagli bancari, ecc., poich\u00e9  i nostri esperti si prendono cura di tutti questi aspetti.<\/p>\n","protected":false},"excerpt":{"rendered":"<p>Le zone franche di Dubai sono estremamente popolari tra gli imprenditori e i proprietari di aziende per la possibilit\u00e0 di costituire nuove societ\u00e0 , grazie alla reputazione di Dubai e delle sue zone franche defiscalizzate con porti di libero scambio che possono essere di propriet\u00e0 esclusiva della persona che li ha creati (a prescindere dalla<\/p>\n","protected":false},"author":1,"featured_media":0,"parent":32,"menu_order":6,"comment_status":"closed","ping_status":"closed","template":"","meta":{"_acf_changed":false,"inline_featured_image":false,"footnotes":""},"acf":[],"_links":{"self":[{"href":"https:\/\/www.setupdubaibusiness.com\/it\/wp-json\/wp\/v2\/pages\/44"}],"collection":[{"href":"https:\/\/www.setupdubaibusiness.com\/it\/wp-json\/wp\/v2\/pages"}],"about":[{"href":"https:\/\/www.setupdubaibusiness.com\/it\/wp-json\/wp\/v2\/types\/page"}],"author":[{"embeddable":true,"href":"https:\/\/www.setupdubaibusiness.com\/it\/wp-json\/wp\/v2\/users\/1"}],"replies":[{"embeddable":true,"href":"https:\/\/www.setupdubaibusiness.com\/it\/wp-json\/wp\/v2\/comments?post=44"}],"version-history":[{"count":8,"href":"https:\/\/www.setupdubaibusiness.com\/it\/wp-json\/wp\/v2\/pages\/44\/revisions"}],"predecessor-version":[{"id":463,"href":"https:\/\/www.setupdubaibusiness.com\/it\/wp-json\/wp\/v2\/pages\/44\/revisions\/463"}],"up":[{"embeddable":true,"href":"https:\/\/www.setupdubaibusiness.com\/it\/wp-json\/wp\/v2\/pages\/32"}],"wp:attachment":[{"href":"https:\/\/www.setupdubaibusiness.com\/it\/wp-json\/wp\/v2\/media?parent=44"}],"curies":[{"name":"wp","href":"https:\/\/api.w.org\/{rel}","templated":true}]}}