{"id":40,"date":"2018-12-17T08:20:45","date_gmt":"2018-12-17T08:20:45","guid":{"rendered":"https:\/\/www.setupdubaibusiness.com\/it\/?page_id=40"},"modified":"2019-01-05T16:15:45","modified_gmt":"2019-01-05T16:15:45","slug":"dubai-media-city","status":"publish","type":"page","link":"https:\/\/www.setupdubaibusiness.com\/it\/free-zone-company\/dubai-media-city\/","title":{"rendered":"Procedura per la costituzione di una societ\u00e0 in una zona franca a Dubai"},"content":{"rendered":"<h2>Procedura per la costituzione di una societ\u00e0 in una zona franca  a Dubai<\/h2>\n<h3>1. Scelta dell&#8217;attivit\u00e0  commerciale<\/h3>\n<p>Scegli il tipo di attivit\u00e0  commerciale che desideri lanciare, poich\u00e9  il tipo di licenza di cui avrai bisogno dipender\u00e0  dalla natura dell&#8217;attivit\u00e0  commerciale. Molte zone di Dubai consentono l&#8217;apertura di pi\u00f9 attivit\u00e0  commerciali, quindi avrai molte opzioni tra cui scegliere.<\/p>\n<h3>2. Trova una zona franca<\/h3>\n<p>Una volta che hai scelto un&#8217;attivit\u00e0  commerciale, il passo successivo \u00e8  decidere quale zona franca  \u00e8  adatta a te. In sostanza, ci sono zone specifiche del settore come IT, sanit\u00e0 , commercio, trading, ecc., Quindi effettua una ricerca prima di scegliere una zona in particolare.<\/p>\n<h3>3. Scegli il nome per l&#8217;azienda<\/h3>\n<p>Prima di scegliere definitivamente un nome, \u00e8  necessario assicurarsi che tale nome commerciale sia disponibile per la registrazione sul portale dell&#8217;autorit\u00e0  della zona franca . Ci sono anche alcuni standard a cui il nome si deve conformare, compreso l&#8217;evitare qualsiasi linguaggio blasfemo o riferimenti a organizzazioni religiose o politiche.<\/p>\n<h3>4. Raccogli tutti i documenti e richiedi una licenza<\/h3>\n<p>Dopo aver scelto l&#8217;attivit\u00e0  commerciale e registrato il nome sul portale, il prossimo passo cruciale \u00e8  richiedere una licenza. Il tipo di licenza dipende dall&#8217;attivit\u00e0  commerciale. Per richiedere la stessa, \u00e8  necessario prima compilare il modulo di domanda e raccogliere i documenti, come indicato nel modulo. Inoltre, puoi fare una richiesta di visto durante il medesimo processo.<\/p>\n<h3>5. Apri un conto corrente bancario aziendale<\/h3>\n<p>Aprire un conto bancario \u00e8  un processo semplice. Ma per fare questo, devi raccogliere nuovamente i documenti e la tua licenza commerciale e fornirla all&#8217;istituto finanziario prescelto.<\/p>\n<p>Dopo il quarto passaggio, riceverai una licenza valida entro 2-4 settimane e sarai pronto a partire.<\/p>\n","protected":false},"excerpt":{"rendered":"<p>Procedura per la costituzione di una societ\u00e0 in una zona franca a Dubai 1. Scelta dell&#8217;attivit\u00e0 commerciale Scegli il tipo di attivit\u00e0 commerciale che desideri lanciare, poich\u00e9 il tipo di licenza di cui avrai bisogno dipender\u00e0 dalla natura dell&#8217;attivit\u00e0 commerciale. Molte zone di Dubai consentono l&#8217;apertura di pi\u00f9 attivit\u00e0 commerciali, quindi avrai molte opzioni tra<\/p>\n","protected":false},"author":1,"featured_media":0,"parent":32,"menu_order":4,"comment_status":"closed","ping_status":"closed","template":"","meta":{"_acf_changed":false,"inline_featured_image":false,"footnotes":""},"acf":[],"_links":{"self":[{"href":"https:\/\/www.setupdubaibusiness.com\/it\/wp-json\/wp\/v2\/pages\/40"}],"collection":[{"href":"https:\/\/www.setupdubaibusiness.com\/it\/wp-json\/wp\/v2\/pages"}],"about":[{"href":"https:\/\/www.setupdubaibusiness.com\/it\/wp-json\/wp\/v2\/types\/page"}],"author":[{"embeddable":true,"href":"https:\/\/www.setupdubaibusiness.com\/it\/wp-json\/wp\/v2\/users\/1"}],"replies":[{"embeddable":true,"href":"https:\/\/www.setupdubaibusiness.com\/it\/wp-json\/wp\/v2\/comments?post=40"}],"version-history":[{"count":8,"href":"https:\/\/www.setupdubaibusiness.com\/it\/wp-json\/wp\/v2\/pages\/40\/revisions"}],"predecessor-version":[{"id":459,"href":"https:\/\/www.setupdubaibusiness.com\/it\/wp-json\/wp\/v2\/pages\/40\/revisions\/459"}],"up":[{"embeddable":true,"href":"https:\/\/www.setupdubaibusiness.com\/it\/wp-json\/wp\/v2\/pages\/32"}],"wp:attachment":[{"href":"https:\/\/www.setupdubaibusiness.com\/it\/wp-json\/wp\/v2\/media?parent=40"}],"curies":[{"name":"wp","href":"https:\/\/api.w.org\/{rel}","templated":true}]}}