{"id":36,"date":"2018-12-17T08:19:38","date_gmt":"2018-12-17T08:19:38","guid":{"rendered":"https:\/\/www.setupdubaibusiness.com\/it\/?page_id=36"},"modified":"2019-01-05T16:05:07","modified_gmt":"2019-01-05T16:05:07","slug":"jabel-ali-free-zone","status":"publish","type":"page","link":"https:\/\/www.setupdubaibusiness.com\/it\/free-zone-company\/jabel-ali-free-zone\/","title":{"rendered":"Tipi di attivit\u00e0  commerciali ammesse nelle zone franche  di Dubai"},"content":{"rendered":"<h2>Tipi di attivit\u00e0  commerciali ammesse nelle zone franche  di Dubai<\/h2>\n<h3>1. Free Zone Establishment (FZE)<\/h3>\n<p>Questo tipo di societ\u00e0 pu\u00f2  essere registrato con un singolo o un azionista dell&#8217;azienda.<\/p>\n<h3>2. Free Zone Company (FZC)<\/h3>\n<p>Questo tipo di societ\u00e0 pu\u00f2 essere registrato con due o pi\u00f9 azionisti. Un azionista pu\u00f2 essere un individuo o una societ\u00e0. <\/p>\n<h3>3. Branch Office<\/h3>\n<p>Un&#8217;azienda che ha una societ\u00e0  negli Emirati Arabi o in un Paese straniero pu\u00f2  avere una filiale in una delle zone franche  di Dubai.<\/p>\n","protected":false},"excerpt":{"rendered":"<p>Tipi di attivit\u00e0 commerciali ammesse nelle zone franche di Dubai 1. Free Zone Establishment (FZE) Questo tipo di societ\u00e0 pu\u00f2 essere registrato con un singolo o un azionista dell&#8217;azienda. 2. Free Zone Company (FZC) Questo tipo di societ\u00e0 pu\u00f2 essere registrato con due o pi\u00f9 azionisti. Un azionista pu\u00f2 essere un individuo o una societ\u00e0.<\/p>\n","protected":false},"author":1,"featured_media":0,"parent":32,"menu_order":2,"comment_status":"closed","ping_status":"closed","template":"","meta":{"_acf_changed":false,"inline_featured_image":false,"footnotes":""},"acf":[],"_links":{"self":[{"href":"https:\/\/www.setupdubaibusiness.com\/it\/wp-json\/wp\/v2\/pages\/36"}],"collection":[{"href":"https:\/\/www.setupdubaibusiness.com\/it\/wp-json\/wp\/v2\/pages"}],"about":[{"href":"https:\/\/www.setupdubaibusiness.com\/it\/wp-json\/wp\/v2\/types\/page"}],"author":[{"embeddable":true,"href":"https:\/\/www.setupdubaibusiness.com\/it\/wp-json\/wp\/v2\/users\/1"}],"replies":[{"embeddable":true,"href":"https:\/\/www.setupdubaibusiness.com\/it\/wp-json\/wp\/v2\/comments?post=36"}],"version-history":[{"count":7,"href":"https:\/\/www.setupdubaibusiness.com\/it\/wp-json\/wp\/v2\/pages\/36\/revisions"}],"predecessor-version":[{"id":456,"href":"https:\/\/www.setupdubaibusiness.com\/it\/wp-json\/wp\/v2\/pages\/36\/revisions\/456"}],"up":[{"embeddable":true,"href":"https:\/\/www.setupdubaibusiness.com\/it\/wp-json\/wp\/v2\/pages\/32"}],"wp:attachment":[{"href":"https:\/\/www.setupdubaibusiness.com\/it\/wp-json\/wp\/v2\/media?parent=36"}],"curies":[{"name":"wp","href":"https:\/\/api.w.org\/{rel}","templated":true}]}}