{"id":34,"date":"2018-12-17T08:19:00","date_gmt":"2018-12-17T08:19:00","guid":{"rendered":"https:\/\/www.setupdubaibusiness.com\/it\/?page_id=34"},"modified":"2019-01-05T16:02:57","modified_gmt":"2019-01-05T16:02:57","slug":"dubai-airport-free-zone","status":"publish","type":"page","link":"https:\/\/www.setupdubaibusiness.com\/it\/free-zone-company\/dubai-airport-free-zone\/","title":{"rendered":"Tipi di licenze disponibili per la costituzione di societ\u00e0  nelle zone franche di Dubai"},"content":{"rendered":"<h2>Tipi di licenze disponibili per la costituzione di societ\u00e0  nelle zone franche di Dubai<\/h2>\n<p>\u00c8  importante conoscere i diversi vantaggi che le zone franche  di Dubai offrono ai titolari di licenze, come quella della Dubai Airport Free zone che sta offrendo una doppia licenza per i suoi investitori. Le autorit\u00e0  delle zone franche di Dubai per la costituzione di nuove societ\u00e0  offrono i seguenti tipi di licenze:<\/p>\n<h3>1. Trading License<\/h3>\n<p>Questo tipo di licenza, se acquisita, consente di svolgere attivit\u00e0  commerciali come acquisto, importazione, esportazione e vendita di un numero limitato di prodotti.<\/p>\n<h3>2. General Trading Activities<\/h3>\n<p>Con questa licenza si possono scambiare tutti i tipi di merci, ad eccezione di alcuni prodotti vietati, che necessitano di un&#8217;approvazione speciale con questa licenza.<\/p>\n<h3>3. Service License<\/h3>\n<p>Le aziende che intendono operare in attivit\u00e0  come consulenza, contabilit\u00e0 , ecc. possono acquisire questa licenza.<\/p>\n<h3>4. Industrial License<\/h3>\n<p>Una societ\u00e0 pu\u00f2 svolgere attivit\u00e0  di produzione, imballaggio e lavorazione dopo aver ottenuto questa licenza.<\/p>\n","protected":false},"excerpt":{"rendered":"<p>Tipi di licenze disponibili per la costituzione di societ\u00e0 nelle zone franche di Dubai \u00c8 importante conoscere i diversi vantaggi che le zone franche di Dubai offrono ai titolari di licenze, come quella della Dubai Airport Free zone che sta offrendo una doppia licenza per i suoi investitori. Le autorit\u00e0 delle zone franche di Dubai<\/p>\n","protected":false},"author":1,"featured_media":0,"parent":32,"menu_order":1,"comment_status":"closed","ping_status":"closed","template":"","meta":{"_acf_changed":false,"inline_featured_image":false,"footnotes":""},"acf":[],"_links":{"self":[{"href":"https:\/\/www.setupdubaibusiness.com\/it\/wp-json\/wp\/v2\/pages\/34"}],"collection":[{"href":"https:\/\/www.setupdubaibusiness.com\/it\/wp-json\/wp\/v2\/pages"}],"about":[{"href":"https:\/\/www.setupdubaibusiness.com\/it\/wp-json\/wp\/v2\/types\/page"}],"author":[{"embeddable":true,"href":"https:\/\/www.setupdubaibusiness.com\/it\/wp-json\/wp\/v2\/users\/1"}],"replies":[{"embeddable":true,"href":"https:\/\/www.setupdubaibusiness.com\/it\/wp-json\/wp\/v2\/comments?post=34"}],"version-history":[{"count":13,"href":"https:\/\/www.setupdubaibusiness.com\/it\/wp-json\/wp\/v2\/pages\/34\/revisions"}],"predecessor-version":[{"id":455,"href":"https:\/\/www.setupdubaibusiness.com\/it\/wp-json\/wp\/v2\/pages\/34\/revisions\/455"}],"up":[{"embeddable":true,"href":"https:\/\/www.setupdubaibusiness.com\/it\/wp-json\/wp\/v2\/pages\/32"}],"wp:attachment":[{"href":"https:\/\/www.setupdubaibusiness.com\/it\/wp-json\/wp\/v2\/media?parent=34"}],"curies":[{"name":"wp","href":"https:\/\/api.w.org\/{rel}","templated":true}]}}