{"id":32,"date":"2018-12-17T08:18:30","date_gmt":"2018-12-17T08:18:30","guid":{"rendered":"https:\/\/www.setupdubaibusiness.com\/it\/?page_id=32"},"modified":"2019-01-05T15:50:50","modified_gmt":"2019-01-05T15:50:50","slug":"free-zone-company","status":"publish","type":"page","link":"https:\/\/www.setupdubaibusiness.com\/it\/free-zone-company\/","title":{"rendered":"Costituzione di una societ\u00e0 in una Zona Franca"},"content":{"rendered":"<h2>Costituzione di una societ\u00e0 in una Zona Franca<\/h2>\n<p>Adagiata lungo la costa del Golfo Persico, Dubai era precedentemente nota principalmente per la sua industria petrolifera, ma lo scenario \u00e8  cambiato negli ultimi due decenni. Dubai \u00e8 oggi una citt\u00e0  globale e un centro d&#8217;affari famoso al pari delle nazioni occidentali, grazie ai modelli di business diversificati che governano l&#8217;economia della regione. Al fine di attrarre investimenti stranieri e potenziare l&#8217;economia, sono state create delle zone franche  a Dubai, che premiano i cittadini stranieri con incentivi remunerativi per la creazione delle loro imprese negli Emirati.<\/p>\n<p>L&#8217;Autorit\u00e0  delle Zone Franche di Dubai (Free Zone Authority) \u00e8  un&#8217;organizzazione governativa che si occupa della burocrazia, della registrazione delle formalit\u00e0  e del rilascio delle licenze commerciali alle societ\u00e0  non residenti o alle imprese possedute da stranieri, per la creazione di societ\u00e0  nelle zone franche di Dubai. La costituzione di societ\u00e0  nelle zone franche di Dubai rappresenta un mare di opportunit\u00e0 , collaborazioni, e continua crescita negli affari. L&#8217;attraente regime fiscale e i molti incentivi offerti dalle autorit\u00e0  delle zone franche  rendono Dubai la nazione preferita da un investitore per la creazione di un&#8217;impresa.<\/p>\n<h3>Vantaggi di aprire una societ\u00e0 in una zona franca di Dubai<\/h3>\n<p>Le zone franche  sono le localit\u00e0 pi\u00f9  vantaggiose per la creazione di nuove imprese dotate di infrastrutture all&#8217;avanguardia, esenzione da imposte fiscali e dazi, strutture di primo livello, politiche governative flessibili, e impianti senza eguali.<\/p>\n<p>Questi sono solo alcuni degli aspetti che interessano la creazione di imprese nelle zone franche  di Dubai; ci sono molti pi\u00f9  vantaggi, come ad esempio:<\/p>\n<ul class=\"list-group list-group-flush hstyears\">\n<li>100% della propriet\u00e0  per gli investitori, a prescindere dalla loro nazionalit\u00e0  e Paese di provenienza<\/li>\n<li>100% di esenzione fiscale su reddito personale, fatturato aziendale o profitti<\/li>\n<li>100% per il rimpatrio di capitali e profitti<\/li>\n<li>Esclusione da tutti i dazi sulle importazioni e sulle esportazioni<\/li>\n<li>Uffici e magazzini funzionali<\/li>\n<li>Opzioni per aziende costituite da individui<\/li>\n<li>Esenzione dall&#8217;imposta sulle societ\u00e0  per 15 anni, rinnovabile per altri 15 anni<\/li>\n<li>Assoluta segretezza delle operazioni<\/li>\n<li>Flessibilit\u00e0  negli affari internazionali<\/li>\n<li>Meno costi di rinnovo<\/li>\n<li>Flessibilit\u00e0 nel mantenere la propriet\u00e0, partecipare a pi\u00f9 attivit\u00e0  e aprire un conto bancario a Dubai<\/li>\n<li>L&#8217;opzione di liquidazione totale in qualsiasi momento<\/li>\n<li>Assistenza per le strutture abitative, visti per il personale e altri servizi di supporto<\/li>\n<\/ul>\n<h3>Lista delle zone franche  di Dubai<\/h3>\n<p>Dubai vanta pi\u00f9  di 20 zone franche che offrono una vasta gamma di attivit\u00e0  per la costituzione di aziende::<\/p>\n<div class=\"col-sm-12 col-lg-6 pl-0\">\n<ul class=\"list-group list-group-flush hstyears\">\n<li>Dubai Academic City<\/li>\n<li>Dubai Airport Free Zone Authority (DAFZA)<\/li>\n<li>Dubai Biotechnology &amp; Research Park (DuBiotech)<\/li>\n<li>Dubai Car and Automotive City Free Zone (DUCAMZ)<\/li>\n<li>Dubai Design District<\/li>\n<li>Dubai Gold and Diamond Park<\/li>\n<li>Dubai Healthcare City<\/li>\n<li>Dubai Industrial City (DIC)<\/li>\n<li>Dubai International Academic City<\/li>\n<li>Dubai International Financial Centre<\/li>\n<li>Dubai Internet City (DIC)<\/li>\n<li>Dubai Knowledge Village<\/li>\n<li>Dubai World Trade Center Free Zone<\/li>\n<li>Dubai South Free Zone<\/li>\n<\/ul>\n<\/div>\n<div class=\"col-sm-12 col-lg-6 rp-0\">\n<ul class=\"list-group list-group-flush hstyears\">\n<li>Dubai Logistics City<\/li>\n<li>Dubai Media City<\/li>\n<li>Dubai Maritime City<\/li>\n<li>Dubai Multi Commodities Centre or Jumeirah Lakes Towers Free Zone<\/li>\n<li>Dubai Outsource Zone<\/li>\n<li>Dubai Silicon Oasis<\/li>\n<li>Dubai Studio City<\/li>\n<li>Dubai Techno Park<\/li>\n<li>Dubai Creative Clusters Authority (Dubai Technology and Media Free Zone Authority)<\/li>\n<li>International Media Production Zone<\/li>\n<li>Jebel Ali Free Zone<\/li>\n<li>Economic Zones World<\/li>\n<li>Dubai Flower Centre<\/li>\n<li>Meydan Free Zone<\/li>\n<li>International Humanitarian City<\/li>\n<\/ul>\n<\/div>\n","protected":false},"excerpt":{"rendered":"<p>Costituzione di una societ\u00e0 in una Zona Franca Adagiata lungo la costa del Golfo Persico, Dubai era precedentemente nota principalmente per la sua industria petrolifera, ma lo scenario \u00e8 cambiato negli ultimi due decenni. Dubai \u00e8 oggi una citt\u00e0 globale e un centro d&#8217;affari famoso al pari delle nazioni occidentali, grazie ai modelli di business<\/p>\n","protected":false},"author":1,"featured_media":0,"parent":0,"menu_order":0,"comment_status":"closed","ping_status":"closed","template":"","meta":{"_acf_changed":false,"inline_featured_image":false,"footnotes":""},"acf":[],"_links":{"self":[{"href":"https:\/\/www.setupdubaibusiness.com\/it\/wp-json\/wp\/v2\/pages\/32"}],"collection":[{"href":"https:\/\/www.setupdubaibusiness.com\/it\/wp-json\/wp\/v2\/pages"}],"about":[{"href":"https:\/\/www.setupdubaibusiness.com\/it\/wp-json\/wp\/v2\/types\/page"}],"author":[{"embeddable":true,"href":"https:\/\/www.setupdubaibusiness.com\/it\/wp-json\/wp\/v2\/users\/1"}],"replies":[{"embeddable":true,"href":"https:\/\/www.setupdubaibusiness.com\/it\/wp-json\/wp\/v2\/comments?post=32"}],"version-history":[{"count":14,"href":"https:\/\/www.setupdubaibusiness.com\/it\/wp-json\/wp\/v2\/pages\/32\/revisions"}],"predecessor-version":[{"id":433,"href":"https:\/\/www.setupdubaibusiness.com\/it\/wp-json\/wp\/v2\/pages\/32\/revisions\/433"}],"wp:attachment":[{"href":"https:\/\/www.setupdubaibusiness.com\/it\/wp-json\/wp\/v2\/media?parent=32"}],"curies":[{"name":"wp","href":"https:\/\/api.w.org\/{rel}","templated":true}]}}