{"id":20,"date":"2018-12-17T08:15:03","date_gmt":"2018-12-17T08:15:03","guid":{"rendered":"https:\/\/www.setupdubaibusiness.com\/it\/?page_id=20"},"modified":"2019-01-05T16:46:48","modified_gmt":"2019-01-05T16:46:48","slug":"dubai-mainland-company","status":"publish","type":"page","link":"https:\/\/www.setupdubaibusiness.com\/it\/dubai-mainland-company\/","title":{"rendered":"Costituzione  di una societ\u00e0  in Territorio  Mainland"},"content":{"rendered":"<h2>Costituzione  di una societ\u00e0  in Territorio  Mainland<\/h2>\n<p>Il territorio Mainland di Dubai \u00e8  famoso per i servizi e le infrastrutture dedicate agli affari. La registrazione dell&#8217;azienda in territorio Mainland a Dubai \u00e8  ancora la prima scelta per la maggior parte delle organizzazioni che stabiliscono la propria attivit\u00e0  a Dubai. La costituzione di societ\u00e0  a Dubai Mainland \u00e8  una scelta impegnativa che richiede tempo, EBS, essendo la migliore societ\u00e0  di consulenza per la costituzione  di societ\u00e0  a Dubai, offre i migliori servizi disponibili per la costituzione  di societ\u00e0  in territorio Mainland a Dubai, EAU.<\/p>\n<h3>Costituzione di societ\u00e0 in Territorio  Mainland a Dubai<\/h3>\n<p>Il Dipartimento per lo sviluppo economico (DED) \u00e8  uno snodo commerciale sotto la giurisdizione del governo di Dubai, Emirati Arabi Uniti. DED \u00e8 stata fondata  nel marzo 1992 con l&#8217;obiettivo principale di regolare e organizzare il commercio e l&#8217;industria nell&#8217;Emirato di Dubai e contemporaneamente di migliorare lo sviluppo economico e la crescita di Dubai e degli Emirati Arabi Uniti. DED \u00e8  responsabile per la costituzione di nuove aziende nel territorio Mainland di Dubai, la registrazione delle imprese e la licenza per il Mainland, nonch\u00e9 la conformit\u00e0  commerciale delle imprese e la protezione dei consumatori nell&#8217;Emirato di Dubai.<\/p>\n<h3>Procedura per l&#8217;apertura di un&#8217;impresa in territorio Mainland a Dubai<\/h3>\n<p>Nel processo di costituzione  di un&#8217;impresa, se si desidera fondarla nel Mainland di Dubai, \u00e8  necessario nominare un cittadino degli Emirati Arabi come sponsor locale per la propria attivit\u00e0 . Tuttavia, lo sponsor locale o il socio inattivo stipuler\u00e0  un accordo in base al quale egli non avr\u00e0  alcun coinvolgimento nelle operazioni dell&#8217;azienda o nella partecipazione agli utili dell&#8217;organizzazione nel territorio Mainland di Dubai.<\/p>\n<p>In possesso di una licenza professionale, l&#8217;investitore pu\u00f2  ottenere il 100% della propriet\u00e0, ma \u00e8  comunque necessario nominare un agente di servizio locale. Pertanto, all&#8217;interno di un&#8217;azienda, l&#8217;agente di servizio locale non ha alcuna parte attiva nella gestione, nelle operazioni o nella partecipazione agli utili dell&#8217;azienda. Invece, gli stessi agiranno come rappresentanti prestanome, mentre redigono accordi legali e forniscono altre documentazioni commerciali richieste a Dubai.<\/p>\n<h3>Requisiti per la costituzione  di un&#8217;impresa nel Mainland di Dubai<\/h3>\n<p>Quando si vogliono fare affari nel territorio Mainland di Dubai \u00e8  necessario avere un indirizzo dell&#8217;ufficio, verificato dalla Municipalit\u00e0  di Dubai. Il requisito di uno spazio fisico per l&#8217;ufficio della societ\u00e0  in territorio Mainland a Dubai pu\u00f2  variare in base al tipo di licenza che l&#8217;investitore sta cercando ed \u00e8 responsabilit\u00e0  dell&#8217;investitore avere un contratto di locazione valido per un ufficio, che deve essere disponibile al momento della richiesta della licenza commerciale in territorio Mainland a Dubai.<\/p>\n<p>Ci sono sei fasi principali coinvolte nella costituzione della societ\u00e0  in territorio Mainland a Dubai. Ci sono alcune  passaggi che una costituzione  societaria in Mainland richiede, come l&#8217;approvazione speciale di alcuni specifici dipartimenti governativi. I sei principali passaggi necessari per la costituzione  dell&#8217;impresa in Mainland sono:<\/p>\n<ul class=\"list-group list-group-flush hstyears\">\n<li>Scelta dell&#8217;attivit\u00e0  commerciale e approvazione del nome<\/li>\n<li>Scelta di un local partner o agente di servizio<\/li>\n<li>Richiesta dell&#8217;approvazione iniziale per la costituzione della societ\u00e0  in Mainland<\/li>\n<li>Pratiche per l&#8217;autenticazione notarile<\/li>\n<li>Ottenimento degli spazi per gli uffici e relativi contatti di locazione<\/li>\n<li>Presentazione finale per la costituzione  dell&#8217;impresa  Mainland negli Emirati Arabi Uniti<\/li>\n<\/ul>\n<p>I consulenti professionisti di EBS supportano i loro clienti nella scelta delle decisione pi\u00f9  lungimiranti nella costituzione dell&#8217;azienda e li guidano con assoluta attenzione nella in tutte le fasi della procedura per la  costituzione di societ\u00e0  Mainland di Dubai e la registrazione della societ\u00e0  al Dipartimento economico di Dubai.<\/p>\n","protected":false},"excerpt":{"rendered":"<p>Costituzione di una societ\u00e0 in Territorio Mainland Il territorio Mainland di Dubai \u00e8 famoso per i servizi e le infrastrutture dedicate agli affari. La registrazione dell&#8217;azienda in territorio Mainland a Dubai \u00e8 ancora la prima scelta per la maggior parte delle organizzazioni che stabiliscono la propria attivit\u00e0 a Dubai. La costituzione di societ\u00e0 a Dubai<\/p>\n","protected":false},"author":1,"featured_media":0,"parent":0,"menu_order":0,"comment_status":"closed","ping_status":"closed","template":"","meta":{"_acf_changed":false,"inline_featured_image":false,"footnotes":""},"acf":[],"_links":{"self":[{"href":"https:\/\/www.setupdubaibusiness.com\/it\/wp-json\/wp\/v2\/pages\/20"}],"collection":[{"href":"https:\/\/www.setupdubaibusiness.com\/it\/wp-json\/wp\/v2\/pages"}],"about":[{"href":"https:\/\/www.setupdubaibusiness.com\/it\/wp-json\/wp\/v2\/types\/page"}],"author":[{"embeddable":true,"href":"https:\/\/www.setupdubaibusiness.com\/it\/wp-json\/wp\/v2\/users\/1"}],"replies":[{"embeddable":true,"href":"https:\/\/www.setupdubaibusiness.com\/it\/wp-json\/wp\/v2\/comments?post=20"}],"version-history":[{"count":8,"href":"https:\/\/www.setupdubaibusiness.com\/it\/wp-json\/wp\/v2\/pages\/20\/revisions"}],"predecessor-version":[{"id":464,"href":"https:\/\/www.setupdubaibusiness.com\/it\/wp-json\/wp\/v2\/pages\/20\/revisions\/464"}],"wp:attachment":[{"href":"https:\/\/www.setupdubaibusiness.com\/it\/wp-json\/wp\/v2\/media?parent=20"}],"curies":[{"name":"wp","href":"https:\/\/api.w.org\/{rel}","templated":true}]}}