{"id":12,"date":"2018-12-17T08:12:38","date_gmt":"2018-12-17T08:12:38","guid":{"rendered":"https:\/\/www.setupdubaibusiness.com\/it\/?page_id=12"},"modified":"2019-01-05T15:29:43","modified_gmt":"2019-01-05T15:29:43","slug":"company-profile","status":"publish","type":"page","link":"https:\/\/www.setupdubaibusiness.com\/it\/about-us\/company-profile\/","title":{"rendered":"L&#8217;azienda"},"content":{"rendered":"<h3>Offriamo tutto ci\u00f2  che ti serve per lanciare e gestire con successo la tua societ\u00e0  in territorio Mainland, a Dubai, Emirati Arabi Uniti<\/h3>\n<p>Business Setup Dubai \u00e8  una squadra di professionisti accreditati, orientati al mercato, dediti a trasformare i sogni di aspiranti imprenditori e PMI in realt\u00e0 . Allo stesso modo, crediamo nel valore di assistervi non soltanto con il disbrigo delle pratiche e la documentazione della vostra societ\u00e0 , ma anche fornendovi tutti gli strumenti necessari per permettervi di sviluppare, promuovere ed espandere i vostri affari. Su questo campo, noi siamo un&#8217;azienda unica, che si differenzia dalle altre, perch\u00e9  il nostro lavoro non termina con il rilascio del vostro permesso di residenza e licenza commerciale,  questo \u00e8  solamente un punto di partenza.<\/p>\n<p style=\"margin-bottom: 0px;\">In aggiunta a questo, abbiamo una lunga esperienza nell&#8217;aver aiutato famiglie e individui percettori di redditi alti, imprese e start-up, a stabilire una solida presenza negli Emirati Arabi e all&#8217;estero. Pertanto, Efficienza, Trasparenza e Discrezione sono gli elementi chiave che abbiamo consolidato nel corso degli anni. Siamo orgogliosi di aver reso pi\u00f9  semplici le vite di centinaia di clienti, offrendo soluzioni su misura per ciascuno, nel minor tempo possibile.<\/p>\n","protected":false},"excerpt":{"rendered":"<p>Offriamo tutto ci\u00f2 che ti serve per lanciare e gestire con successo la tua societ\u00e0 in territorio Mainland, a Dubai, Emirati Arabi Uniti Business Setup Dubai \u00e8 una squadra di professionisti accreditati, orientati al mercato, dediti a trasformare i sogni di aspiranti imprenditori e PMI in realt\u00e0 . Allo stesso modo, crediamo nel valore di<\/p>\n","protected":false},"author":1,"featured_media":7,"parent":6,"menu_order":1,"comment_status":"closed","ping_status":"closed","template":"template-parts\/page-about.php","meta":{"_acf_changed":false,"inline_featured_image":false,"footnotes":""},"acf":[],"_links":{"self":[{"href":"https:\/\/www.setupdubaibusiness.com\/it\/wp-json\/wp\/v2\/pages\/12"}],"collection":[{"href":"https:\/\/www.setupdubaibusiness.com\/it\/wp-json\/wp\/v2\/pages"}],"about":[{"href":"https:\/\/www.setupdubaibusiness.com\/it\/wp-json\/wp\/v2\/types\/page"}],"author":[{"embeddable":true,"href":"https:\/\/www.setupdubaibusiness.com\/it\/wp-json\/wp\/v2\/users\/1"}],"replies":[{"embeddable":true,"href":"https:\/\/www.setupdubaibusiness.com\/it\/wp-json\/wp\/v2\/comments?post=12"}],"version-history":[{"count":9,"href":"https:\/\/www.setupdubaibusiness.com\/it\/wp-json\/wp\/v2\/pages\/12\/revisions"}],"predecessor-version":[{"id":447,"href":"https:\/\/www.setupdubaibusiness.com\/it\/wp-json\/wp\/v2\/pages\/12\/revisions\/447"}],"up":[{"embeddable":true,"href":"https:\/\/www.setupdubaibusiness.com\/it\/wp-json\/wp\/v2\/pages\/6"}],"wp:featuredmedia":[{"embeddable":true,"href":"https:\/\/www.setupdubaibusiness.com\/it\/wp-json\/wp\/v2\/media\/7"}],"wp:attachment":[{"href":"https:\/\/www.setupdubaibusiness.com\/it\/wp-json\/wp\/v2\/media?parent=12"}],"curies":[{"name":"wp","href":"https:\/\/api.w.org\/{rel}","templated":true}]}}